{"id":37,"date":"2020-10-22T19:50:19","date_gmt":"2020-10-22T17:50:19","guid":{"rendered":"http:\/\/agence-creation-site-internet-e-commerce-web-savoie.com\/?page_id=37"},"modified":"2021-06-16T20:41:06","modified_gmt":"2021-06-16T18:41:06","slug":"conseils-en-communication","status":"publish","type":"page","link":"https:\/\/agence-creation-site-internet-e-commerce-web-savoie.com\/index.php\/conseils-en-communication\/","title":{"rendered":"Conseils en communication"},"content":{"rendered":"\t\t<div data-elementor-type=\"wp-page\" data-elementor-id=\"37\" class=\"elementor elementor-37\" data-elementor-post-type=\"page\">\n\t\t\t\t\t\t<section class=\"elementor-section elementor-top-section elementor-element elementor-element-6ba73b4 elementor-section-boxed elementor-section-height-default elementor-section-height-default\" data-id=\"6ba73b4\" data-element_type=\"section\">\n\t\t\t\t\t\t<div class=\"elementor-container elementor-column-gap-default\">\n\t\t\t\t\t<div class=\"elementor-column elementor-col-100 elementor-top-column elementor-element elementor-element-69366ae\" data-id=\"69366ae\" data-element_type=\"column\">\n\t\t\t<div class=\"elementor-widget-wrap elementor-element-populated\">\n\t\t\t\t\t\t<div class=\"elementor-element elementor-element-bd2deb7 elementor--h-position-center elementor--v-position-middle elementor-arrows-position-inside elementor-pagination-position-inside elementor-widget elementor-widget-slides\" data-id=\"bd2deb7\" data-element_type=\"widget\" data-settings=\"{&quot;navigation&quot;:&quot;both&quot;,&quot;autoplay&quot;:&quot;yes&quot;,&quot;pause_on_hover&quot;:&quot;yes&quot;,&quot;pause_on_interaction&quot;:&quot;yes&quot;,&quot;autoplay_speed&quot;:5000,&quot;infinite&quot;:&quot;yes&quot;,&quot;transition&quot;:&quot;slide&quot;,&quot;transition_speed&quot;:500}\" data-widget_type=\"slides.default\">\n\t\t\t\t\t\t\t\t\t\t<div class=\"elementor-slides-wrapper elementor-main-swiper swiper\" role=\"region\" aria-roledescription=\"carousel\" aria-label=\"Diapositives\" dir=\"ltr\" data-animation=\"fadeInUp\">\n\t\t\t\t<div class=\"swiper-wrapper elementor-slides\">\n\t\t\t\t\t\t\t\t\t\t<div class=\"elementor-repeater-item-4171752 swiper-slide\" role=\"group\" aria-roledescription=\"slide\"><div class=\"swiper-slide-bg\"><\/div><div class=\"swiper-slide-inner\" ><div class=\"swiper-slide-contents\"><div class=\"elementor-slide-heading\">ECOUTER<\/div><div class=\"elementor-slide-description\">Savoir \u00e9couter vos probl\u00e9matiques !<\/div><div  class=\"elementor-button elementor-slide-button elementor-size-sm\">en savoir plus...<\/div><\/div><\/div><\/div><div class=\"elementor-repeater-item-631e313 swiper-slide\" role=\"group\" aria-roledescription=\"slide\"><div class=\"swiper-slide-bg\"><\/div><div class=\"swiper-slide-inner\" ><div class=\"swiper-slide-contents\"><div class=\"elementor-slide-heading\">ANALYSER<\/div><div class=\"elementor-slide-description\">Prendre le temps de vous conna\u00eetre dans votre environnement<\/div><div  class=\"elementor-button elementor-slide-button elementor-size-sm\">En savoir plus...<\/div><\/div><\/div><\/div><div class=\"elementor-repeater-item-29d3921 swiper-slide\" role=\"group\" aria-roledescription=\"slide\"><div class=\"swiper-slide-bg\"><\/div><div class=\"swiper-slide-inner\" ><div class=\"swiper-slide-contents\"><div class=\"elementor-slide-heading\">REPONDRE<\/div><div class=\"elementor-slide-description\">Avec pertinence et comp\u00e9tences<\/div><div  class=\"elementor-button elementor-slide-button elementor-size-sm\">En savoir plus...<\/div><\/div><\/div><\/div>\t\t\t\t<\/div>\n\t\t\t\t\t\t\t\t\t\t\t\t\t\t\t<div class=\"elementor-swiper-button elementor-swiper-button-prev\" role=\"button\" tabindex=\"0\" aria-label=\"Diapositive pr\u00e9c\u00e9dente\">\n\t\t\t\t\t\t\t<svg aria-hidden=\"true\" class=\"e-font-icon-svg e-eicon-chevron-left\" viewBox=\"0 0 1000 1000\" xmlns=\"http:\/\/www.w3.org\/2000\/svg\"><path d=\"M646 125C629 125 613 133 604 142L308 442C296 454 292 471 292 487 292 504 296 521 308 533L604 854C617 867 629 875 646 875 663 875 679 871 692 858 704 846 713 829 713 812 713 796 708 779 692 767L438 487 692 225C700 217 708 204 708 187 708 171 704 154 692 142 675 129 663 125 646 125Z\"><\/path><\/svg>\t\t\t\t\t\t<\/div>\n\t\t\t\t\t\t<div class=\"elementor-swiper-button elementor-swiper-button-next\" role=\"button\" tabindex=\"0\" aria-label=\"Diapositive suivante\">\n\t\t\t\t\t\t\t<svg aria-hidden=\"true\" class=\"e-font-icon-svg e-eicon-chevron-right\" viewBox=\"0 0 1000 1000\" xmlns=\"http:\/\/www.w3.org\/2000\/svg\"><path d=\"M696 533C708 521 713 504 713 487 713 471 708 454 696 446L400 146C388 133 375 125 354 125 338 125 325 129 313 142 300 154 292 171 292 187 292 204 296 221 308 233L563 492 304 771C292 783 288 800 288 817 288 833 296 850 308 863 321 871 338 875 354 875 371 875 388 867 400 854L696 533Z\"><\/path><\/svg>\t\t\t\t\t\t<\/div>\n\t\t\t\t\t\t\t\t\t\t\t\t\t\t\t\t<div class=\"swiper-pagination\"><\/div>\n\t\t\t\t\t\t\t\t\t\t\t\t<\/div>\n\t\t\t\t\t\t\t\t<\/div>\n\t\t\t\t\t<\/div>\n\t\t<\/div>\n\t\t\t\t\t<\/div>\n\t\t<\/section>\n\t\t\t\t<\/div>\n\t\t","protected":false},"excerpt":{"rendered":"<p>ECOUTERSavoir \u00e9couter vos probl\u00e9matiques !en savoir plus&#8230;ANALYSERPrendre le temps de vous conna\u00eetre dans votre environnementEn savoir plus&#8230;REPONDREAvec pertinence et comp\u00e9tencesEn savoir plus&#8230; Previous Next<\/p>\n","protected":false},"author":1,"featured_media":0,"parent":0,"menu_order":0,"comment_status":"closed","ping_status":"closed","template":"","meta":{"footnotes":""},"class_list":["post-37","page","type-page","status-publish","hentry"],"yoast_head":"<!-- This site is optimized with the Yoast SEO plugin v26.6 - https:\/\/yoast.com\/wordpress\/plugins\/seo\/ -->\n<title>Conseils en communication - Agence de Communication et web 360 en Savoie<\/title>\n<meta name=\"robots\" content=\"index, follow, max-snippet:-1, max-image-preview:large, max-video-preview:-1\" \/>\n<link rel=\"canonical\" href=\"https:\/\/agence-creation-site-internet-e-commerce-web-savoie.com\/index.php\/conseils-en-communication\/\" \/>\n<meta property=\"og:locale\" content=\"fr_FR\" \/>\n<meta property=\"og:type\" content=\"article\" \/>\n<meta property=\"og:title\" content=\"Conseils en communication - Agence de Communication et web 360 en Savoie\" \/>\n<meta property=\"og:description\" content=\"ECOUTERSavoir \u00e9couter vos probl\u00e9matiques !en savoir plus&#8230;ANALYSERPrendre le temps de vous conna\u00eetre dans votre environnementEn savoir plus&#8230;REPONDREAvec pertinence et comp\u00e9tencesEn savoir plus&#8230; Previous Next\" \/>\n<meta property=\"og:url\" content=\"https:\/\/agence-creation-site-internet-e-commerce-web-savoie.com\/index.php\/conseils-en-communication\/\" \/>\n<meta property=\"og:site_name\" content=\"Agence de Communication et web 360 en Savoie\" \/>\n<meta property=\"article:publisher\" content=\"https:\/\/www.facebook.com\/Airmescom\" \/>\n<meta property=\"article:modified_time\" content=\"2021-06-16T18:41:06+00:00\" \/>\n<meta name=\"twitter:card\" content=\"summary_large_image\" \/>\n<meta name=\"twitter:site\" content=\"@airmescom\" \/>\n<meta name=\"twitter:label1\" content=\"Dur\u00e9e de lecture estim\u00e9e\" \/>\n\t<meta name=\"twitter:data1\" content=\"1 minute\" \/>\n<script type=\"application\/ld+json\" class=\"yoast-schema-graph\">{\"@context\":\"https:\/\/schema.org\",\"@graph\":[{\"@type\":\"WebPage\",\"@id\":\"https:\/\/agence-creation-site-internet-e-commerce-web-savoie.com\/index.php\/conseils-en-communication\/\",\"url\":\"https:\/\/agence-creation-site-internet-e-commerce-web-savoie.com\/index.php\/conseils-en-communication\/\",\"name\":\"Conseils en communication - Agence de Communication et web 360 en Savoie\",\"isPartOf\":{\"@id\":\"https:\/\/agence-creation-site-internet-e-commerce-web-savoie.com\/#website\"},\"datePublished\":\"2020-10-22T17:50:19+00:00\",\"dateModified\":\"2021-06-16T18:41:06+00:00\",\"breadcrumb\":{\"@id\":\"https:\/\/agence-creation-site-internet-e-commerce-web-savoie.com\/index.php\/conseils-en-communication\/#breadcrumb\"},\"inLanguage\":\"fr-FR\",\"potentialAction\":[{\"@type\":\"ReadAction\",\"target\":[\"https:\/\/agence-creation-site-internet-e-commerce-web-savoie.com\/index.php\/conseils-en-communication\/\"]}]},{\"@type\":\"BreadcrumbList\",\"@id\":\"https:\/\/agence-creation-site-internet-e-commerce-web-savoie.com\/index.php\/conseils-en-communication\/#breadcrumb\",\"itemListElement\":[{\"@type\":\"ListItem\",\"position\":1,\"name\":\"Accueil\",\"item\":\"https:\/\/agence-creation-site-internet-e-commerce-web-savoie.com\/\"},{\"@type\":\"ListItem\",\"position\":2,\"name\":\"Conseils en communication\"}]},{\"@type\":\"WebSite\",\"@id\":\"https:\/\/agence-creation-site-internet-e-commerce-web-savoie.com\/#website\",\"url\":\"https:\/\/agence-creation-site-internet-e-commerce-web-savoie.com\/\",\"name\":\"Agence de Communication et web 360 en Savoie\",\"description\":\"Airm\u00e8s est une agence de communication 360 en strat\u00e9gies web, r\u00e9f\u00e9rencements et print pour tous vos projets publicitaires ou de communication.\",\"publisher\":{\"@id\":\"https:\/\/agence-creation-site-internet-e-commerce-web-savoie.com\/#organization\"},\"potentialAction\":[{\"@type\":\"SearchAction\",\"target\":{\"@type\":\"EntryPoint\",\"urlTemplate\":\"https:\/\/agence-creation-site-internet-e-commerce-web-savoie.com\/?s={search_term_string}\"},\"query-input\":{\"@type\":\"PropertyValueSpecification\",\"valueRequired\":true,\"valueName\":\"search_term_string\"}}],\"inLanguage\":\"fr-FR\"},{\"@type\":\"Organization\",\"@id\":\"https:\/\/agence-creation-site-internet-e-commerce-web-savoie.com\/#organization\",\"name\":\"Airm\u00e8s Communication conseils & Webstrat\u00e9gies\",\"url\":\"https:\/\/agence-creation-site-internet-e-commerce-web-savoie.com\/\",\"logo\":{\"@type\":\"ImageObject\",\"inLanguage\":\"fr-FR\",\"@id\":\"https:\/\/agence-creation-site-internet-e-commerce-web-savoie.com\/#\/schema\/logo\/image\/\",\"url\":\"http:\/\/agence-creation-site-internet-e-commerce-web-savoie.com\/wp-content\/uploads\/2022\/12\/LOGO-ENTETE-AIRMES-2021-avec-slogan-V2.jpg\",\"contentUrl\":\"http:\/\/agence-creation-site-internet-e-commerce-web-savoie.com\/wp-content\/uploads\/2022\/12\/LOGO-ENTETE-AIRMES-2021-avec-slogan-V2.jpg\",\"width\":2127,\"height\":2151,\"caption\":\"Airm\u00e8s Communication conseils & Webstrat\u00e9gies\"},\"image\":{\"@id\":\"https:\/\/agence-creation-site-internet-e-commerce-web-savoie.com\/#\/schema\/logo\/image\/\"},\"sameAs\":[\"https:\/\/www.facebook.com\/Airmescom\",\"https:\/\/x.com\/airmescom\"]}]}<\/script>\n<!-- \/ Yoast SEO plugin. -->","yoast_head_json":{"title":"Conseils en communication - Agence de Communication et web 360 en Savoie","robots":{"index":"index","follow":"follow","max-snippet":"max-snippet:-1","max-image-preview":"max-image-preview:large","max-video-preview":"max-video-preview:-1"},"canonical":"https:\/\/agence-creation-site-internet-e-commerce-web-savoie.com\/index.php\/conseils-en-communication\/","og_locale":"fr_FR","og_type":"article","og_title":"Conseils en communication - Agence de Communication et web 360 en Savoie","og_description":"ECOUTERSavoir \u00e9couter vos probl\u00e9matiques !en savoir plus&#8230;ANALYSERPrendre le temps de vous conna\u00eetre dans votre environnementEn savoir plus&#8230;REPONDREAvec pertinence et comp\u00e9tencesEn savoir plus&#8230; Previous Next","og_url":"https:\/\/agence-creation-site-internet-e-commerce-web-savoie.com\/index.php\/conseils-en-communication\/","og_site_name":"Agence de Communication et web 360 en Savoie","article_publisher":"https:\/\/www.facebook.com\/Airmescom","article_modified_time":"2021-06-16T18:41:06+00:00","twitter_card":"summary_large_image","twitter_site":"@airmescom","twitter_misc":{"Dur\u00e9e de lecture estim\u00e9e":"1 minute"},"schema":{"@context":"https:\/\/schema.org","@graph":[{"@type":"WebPage","@id":"https:\/\/agence-creation-site-internet-e-commerce-web-savoie.com\/index.php\/conseils-en-communication\/","url":"https:\/\/agence-creation-site-internet-e-commerce-web-savoie.com\/index.php\/conseils-en-communication\/","name":"Conseils en communication - Agence de Communication et web 360 en Savoie","isPartOf":{"@id":"https:\/\/agence-creation-site-internet-e-commerce-web-savoie.com\/#website"},"datePublished":"2020-10-22T17:50:19+00:00","dateModified":"2021-06-16T18:41:06+00:00","breadcrumb":{"@id":"https:\/\/agence-creation-site-internet-e-commerce-web-savoie.com\/index.php\/conseils-en-communication\/#breadcrumb"},"inLanguage":"fr-FR","potentialAction":[{"@type":"ReadAction","target":["https:\/\/agence-creation-site-internet-e-commerce-web-savoie.com\/index.php\/conseils-en-communication\/"]}]},{"@type":"BreadcrumbList","@id":"https:\/\/agence-creation-site-internet-e-commerce-web-savoie.com\/index.php\/conseils-en-communication\/#breadcrumb","itemListElement":[{"@type":"ListItem","position":1,"name":"Accueil","item":"https:\/\/agence-creation-site-internet-e-commerce-web-savoie.com\/"},{"@type":"ListItem","position":2,"name":"Conseils en communication"}]},{"@type":"WebSite","@id":"https:\/\/agence-creation-site-internet-e-commerce-web-savoie.com\/#website","url":"https:\/\/agence-creation-site-internet-e-commerce-web-savoie.com\/","name":"Agence de Communication et web 360 en Savoie","description":"Airm\u00e8s est une agence de communication 360 en strat\u00e9gies web, r\u00e9f\u00e9rencements et print pour tous vos projets publicitaires ou de communication.","publisher":{"@id":"https:\/\/agence-creation-site-internet-e-commerce-web-savoie.com\/#organization"},"potentialAction":[{"@type":"SearchAction","target":{"@type":"EntryPoint","urlTemplate":"https:\/\/agence-creation-site-internet-e-commerce-web-savoie.com\/?s={search_term_string}"},"query-input":{"@type":"PropertyValueSpecification","valueRequired":true,"valueName":"search_term_string"}}],"inLanguage":"fr-FR"},{"@type":"Organization","@id":"https:\/\/agence-creation-site-internet-e-commerce-web-savoie.com\/#organization","name":"Airm\u00e8s Communication conseils & Webstrat\u00e9gies","url":"https:\/\/agence-creation-site-internet-e-commerce-web-savoie.com\/","logo":{"@type":"ImageObject","inLanguage":"fr-FR","@id":"https:\/\/agence-creation-site-internet-e-commerce-web-savoie.com\/#\/schema\/logo\/image\/","url":"http:\/\/agence-creation-site-internet-e-commerce-web-savoie.com\/wp-content\/uploads\/2022\/12\/LOGO-ENTETE-AIRMES-2021-avec-slogan-V2.jpg","contentUrl":"http:\/\/agence-creation-site-internet-e-commerce-web-savoie.com\/wp-content\/uploads\/2022\/12\/LOGO-ENTETE-AIRMES-2021-avec-slogan-V2.jpg","width":2127,"height":2151,"caption":"Airm\u00e8s Communication conseils & Webstrat\u00e9gies"},"image":{"@id":"https:\/\/agence-creation-site-internet-e-commerce-web-savoie.com\/#\/schema\/logo\/image\/"},"sameAs":["https:\/\/www.facebook.com\/Airmescom","https:\/\/x.com\/airmescom"]}]}},"_links":{"self":[{"href":"https:\/\/agence-creation-site-internet-e-commerce-web-savoie.com\/index.php\/wp-json\/wp\/v2\/pages\/37","targetHints":{"allow":["GET"]}}],"collection":[{"href":"https:\/\/agence-creation-site-internet-e-commerce-web-savoie.com\/index.php\/wp-json\/wp\/v2\/pages"}],"about":[{"href":"https:\/\/agence-creation-site-internet-e-commerce-web-savoie.com\/index.php\/wp-json\/wp\/v2\/types\/page"}],"author":[{"embeddable":true,"href":"https:\/\/agence-creation-site-internet-e-commerce-web-savoie.com\/index.php\/wp-json\/wp\/v2\/users\/1"}],"replies":[{"embeddable":true,"href":"https:\/\/agence-creation-site-internet-e-commerce-web-savoie.com\/index.php\/wp-json\/wp\/v2\/comments?post=37"}],"version-history":[{"count":18,"href":"https:\/\/agence-creation-site-internet-e-commerce-web-savoie.com\/index.php\/wp-json\/wp\/v2\/pages\/37\/revisions"}],"predecessor-version":[{"id":338,"href":"https:\/\/agence-creation-site-internet-e-commerce-web-savoie.com\/index.php\/wp-json\/wp\/v2\/pages\/37\/revisions\/338"}],"wp:attachment":[{"href":"https:\/\/agence-creation-site-internet-e-commerce-web-savoie.com\/index.php\/wp-json\/wp\/v2\/media?parent=37"}],"curies":[{"name":"wp","href":"https:\/\/api.w.org\/{rel}","templated":true}]}}