{"id":29,"date":"2020-10-27T15:38:28","date_gmt":"2020-10-27T14:38:28","guid":{"rendered":"http:\/\/agence-creation-site-internet-e-commerce-web-savoie.com\/?page_id=29"},"modified":"2021-07-01T12:38:46","modified_gmt":"2021-07-01T10:38:46","slug":"communication-web-strategies","status":"publish","type":"page","link":"https:\/\/agence-creation-site-internet-e-commerce-web-savoie.com\/index.php\/communication-web-strategies\/","title":{"rendered":"Communication &#038; Web Strat\u00e9gies"},"content":{"rendered":"\t\t<div data-elementor-type=\"wp-page\" data-elementor-id=\"29\" class=\"elementor elementor-29\" data-elementor-post-type=\"page\">\n\t\t\t\t\t\t<section class=\"elementor-section elementor-top-section elementor-element elementor-element-2f838657 elementor-section-boxed elementor-section-height-default elementor-section-height-default\" data-id=\"2f838657\" data-element_type=\"section\">\n\t\t\t\t\t\t<div class=\"elementor-container elementor-column-gap-default\">\n\t\t\t\t\t<div class=\"elementor-column elementor-col-100 elementor-top-column elementor-element elementor-element-2bbc4c9c\" data-id=\"2bbc4c9c\" data-element_type=\"column\">\n\t\t\t<div class=\"elementor-widget-wrap elementor-element-populated\">\n\t\t\t\t\t\t<div class=\"elementor-element elementor-element-7d708eb elementor-skin-carousel elementor-arrows-yes elementor-pagination-type-bullets elementor-pagination-position-outside elementor-widget elementor-widget-media-carousel\" data-id=\"7d708eb\" data-element_type=\"widget\" data-settings=\"{&quot;skin&quot;:&quot;carousel&quot;,&quot;effect&quot;:&quot;slide&quot;,&quot;show_arrows&quot;:&quot;yes&quot;,&quot;pagination&quot;:&quot;bullets&quot;,&quot;speed&quot;:500,&quot;autoplay&quot;:&quot;yes&quot;,&quot;autoplay_speed&quot;:5000,&quot;loop&quot;:&quot;yes&quot;,&quot;pause_on_hover&quot;:&quot;yes&quot;,&quot;pause_on_interaction&quot;:&quot;yes&quot;,&quot;space_between&quot;:{&quot;unit&quot;:&quot;px&quot;,&quot;size&quot;:10,&quot;sizes&quot;:[]},&quot;space_between_tablet&quot;:{&quot;unit&quot;:&quot;px&quot;,&quot;size&quot;:10,&quot;sizes&quot;:[]},&quot;space_between_mobile&quot;:{&quot;unit&quot;:&quot;px&quot;,&quot;size&quot;:10,&quot;sizes&quot;:[]}}\" data-widget_type=\"media-carousel.default\">\n\t\t\t\t\t\t\t\t\t\t<div class=\"elementor-main-swiper swiper\" role=\"region\" aria-roledescription=\"carousel\" aria-label=\"Diapositives\">\n\t\t\t\t<div class=\"swiper-wrapper\">\n\t\t\t\t\t\t\t\t\t\t\t<div class=\"swiper-slide\" role=\"group\" aria-roledescription=\"slide\">\n\t\t\t\t\t\t\t\t\t<div class=\"elementor-carousel-image\" role=\"img\" aria-label=\"\" style=\"background-image: url(&#039;https:\/\/agence-creation-site-internet-e-commerce-web-savoie.com\/wp-content\/plugins\/elementor\/assets\/images\/placeholder.png&#039;)\">\n\n\t\t\t\n\t\t\t\t\t<\/div>\n\t\t\t\t\t\t\t\t<\/div>\n\t\t\t\t\t\t\t\t\t\t\t<div class=\"swiper-slide\" role=\"group\" aria-roledescription=\"slide\">\n\t\t\t\t\t\t\t\t\t<div class=\"elementor-carousel-image\" role=\"img\" aria-label=\"\" style=\"background-image: url(&#039;https:\/\/agence-creation-site-internet-e-commerce-web-savoie.com\/wp-content\/plugins\/elementor\/assets\/images\/placeholder.png&#039;)\">\n\n\t\t\t\n\t\t\t\t\t<\/div>\n\t\t\t\t\t\t\t\t<\/div>\n\t\t\t\t\t\t\t\t\t\t\t<div class=\"swiper-slide\" role=\"group\" aria-roledescription=\"slide\">\n\t\t\t\t\t\t\t\t\t<div class=\"elementor-carousel-image\" role=\"img\" aria-label=\"\" style=\"background-image: url(&#039;https:\/\/agence-creation-site-internet-e-commerce-web-savoie.com\/wp-content\/plugins\/elementor\/assets\/images\/placeholder.png&#039;)\">\n\n\t\t\t\n\t\t\t\t\t<\/div>\n\t\t\t\t\t\t\t\t<\/div>\n\t\t\t\t\t\t\t\t\t\t\t<div class=\"swiper-slide\" role=\"group\" aria-roledescription=\"slide\">\n\t\t\t\t\t\t\t\t\t<div class=\"elementor-carousel-image\" role=\"img\" aria-label=\"\" style=\"background-image: url(&#039;https:\/\/agence-creation-site-internet-e-commerce-web-savoie.com\/wp-content\/plugins\/elementor\/assets\/images\/placeholder.png&#039;)\">\n\n\t\t\t\n\t\t\t\t\t<\/div>\n\t\t\t\t\t\t\t\t<\/div>\n\t\t\t\t\t\t\t\t\t\t\t<div class=\"swiper-slide\" role=\"group\" aria-roledescription=\"slide\">\n\t\t\t\t\t\t\t\t\t<div class=\"elementor-carousel-image\" role=\"img\" aria-label=\"\" style=\"background-image: url(&#039;https:\/\/agence-creation-site-internet-e-commerce-web-savoie.com\/wp-content\/plugins\/elementor\/assets\/images\/placeholder.png&#039;)\">\n\n\t\t\t\n\t\t\t\t\t<\/div>\n\t\t\t\t\t\t\t\t<\/div>\n\t\t\t\t\t\t\t\t\t<\/div>\n\t\t\t\t\t\t\t\t\t\t\t\t\t\t\t<div class=\"elementor-swiper-button elementor-swiper-button-prev\" role=\"button\" tabindex=\"0\" aria-label=\"Pr\u00e9c\u00e9dent\">\n\t\t\t\t\t\t\t<svg aria-hidden=\"true\" class=\"e-font-icon-svg e-eicon-chevron-left\" viewBox=\"0 0 1000 1000\" xmlns=\"http:\/\/www.w3.org\/2000\/svg\"><path d=\"M646 125C629 125 613 133 604 142L308 442C296 454 292 471 292 487 292 504 296 521 308 533L604 854C617 867 629 875 646 875 663 875 679 871 692 858 704 846 713 829 713 812 713 796 708 779 692 767L438 487 692 225C700 217 708 204 708 187 708 171 704 154 692 142 675 129 663 125 646 125Z\"><\/path><\/svg>\t\t\t\t\t\t<\/div>\n\t\t\t\t\t\t<div class=\"elementor-swiper-button elementor-swiper-button-next\" role=\"button\" tabindex=\"0\" aria-label=\"Suivant\">\n\t\t\t\t\t\t\t<svg aria-hidden=\"true\" class=\"e-font-icon-svg e-eicon-chevron-right\" viewBox=\"0 0 1000 1000\" xmlns=\"http:\/\/www.w3.org\/2000\/svg\"><path d=\"M696 533C708 521 713 504 713 487 713 471 708 454 696 446L400 146C388 133 375 125 354 125 338 125 325 129 313 142 300 154 292 171 292 187 292 204 296 221 308 233L563 492 304 771C292 783 288 800 288 817 288 833 296 850 308 863 321 871 338 875 354 875 371 875 388 867 400 854L696 533Z\"><\/path><\/svg>\t\t\t\t\t\t<\/div>\n\t\t\t\t\t\t\t\t\t\t\t\t\t\t\t\t<div class=\"swiper-pagination\"><\/div>\n\t\t\t\t\t\t\t\t\t\t\t\t<\/div>\n\t\t\t\t\t\t\t\t<\/div>\n\t\t\t\t<div class=\"elementor-element elementor-element-4b097247 elementor-widget elementor-widget-text-editor\" data-id=\"4b097247\" data-element_type=\"widget\" data-widget_type=\"text-editor.default\">\n\t\t\t\t\t\t\t\t\t\n<h1 class=\"wp-block-heading\"><strong><em>Webmarketing &amp; Strat\u00e9gies :<\/em><\/strong><\/h1>\n\n<blockquote class=\"wp-block-quote is-style-default is-layout-flow wp-block-quote-is-layout-flow\">\n<p>Du conseil \u00e0 l&rsquo;analyse,\u00a0la strat\u00e9gie appliqu\u00e9e \u00e0 internet\u00a0rev\u00eat aujourd&rsquo;hui une importance primordiale.<\/p>\n<p>Au-del\u00e0 d&rsquo;un outil de promotion \u00e0 travers la mise en place de votre site, il s&rsquo;agit de suivre et de comprendre les \u00e9volutions de ces outils dans\u00a0leur contexte d&rsquo;exploitation :\u00a0qui visite le site ? Pourquoi ? Quels produits sont vus ? etc&#8230;<\/p>\n<p>Nous mettons \u00e0 votre disposition :<\/p>\n<p>&#8211;\u00a0des outils d&rsquo;analyses statistiques d\u00e9taill\u00e9s.<br \/>&#8211; des rapports de r\u00e9f\u00e9rencements pr\u00e9cis,<br \/>&#8211;\u00a0une expertise d&rsquo;analyse et de gestion de donn\u00e9es E-statistiques et vous \u00e9clairons sur les actions n\u00e9cessaires pour am\u00e9liorer vos r\u00e9sultats.<br \/><br \/><br \/>Mise en place de solutions WEB marketing :<br \/><br \/>&#8211;\u00a0Conception et cr\u00e9ation de bases de donn\u00e9es.<br \/>&#8211;\u00a0Emailing ciblages produits.<br \/>&#8211;\u00a0Campagnes de r\u00e9f\u00e9rencement orient\u00e9es.<br \/>&#8211;\u00a0Liens sponsoris\u00e9s.<br \/>&#8211;\u00a0Bandeaux et banni\u00e8res\u00a0publicitaires et sponsoring Internet.<br \/>&#8211;\u00a0E-Flyers.<\/p>\n<\/blockquote>\n\t\t\t\t\t\t\t\t<\/div>\n\t\t\t\t\t<\/div>\n\t\t<\/div>\n\t\t\t\t\t<\/div>\n\t\t<\/section>\n\t\t\t\t<\/div>\n\t\t","protected":false},"excerpt":{"rendered":"<p>Previous Next Webmarketing &amp; Strat\u00e9gies : Du conseil \u00e0 l&rsquo;analyse,\u00a0la strat\u00e9gie appliqu\u00e9e \u00e0 internet\u00a0rev\u00eat aujourd&rsquo;hui une importance primordiale. Au-del\u00e0 d&rsquo;un outil de promotion \u00e0 travers la mise en place de votre site, il s&rsquo;agit de suivre et de comprendre les \u00e9volutions de ces outils dans\u00a0leur contexte d&rsquo;exploitation :\u00a0qui visite le site ? Pourquoi ? Quels [&hellip;]<\/p>\n","protected":false},"author":1,"featured_media":0,"parent":0,"menu_order":0,"comment_status":"closed","ping_status":"closed","template":"template-business.php","meta":{"footnotes":""},"class_list":["post-29","page","type-page","status-publish","hentry"],"yoast_head":"<!-- This site is optimized with the Yoast SEO plugin v26.6 - https:\/\/yoast.com\/wordpress\/plugins\/seo\/ -->\n<title>Communication &amp; Web Strat\u00e9gies - Agence de Communication et web 360 en Savoie<\/title>\n<meta name=\"robots\" content=\"index, follow, max-snippet:-1, max-image-preview:large, max-video-preview:-1\" \/>\n<link rel=\"canonical\" href=\"https:\/\/agence-creation-site-internet-e-commerce-web-savoie.com\/index.php\/communication-web-strategies\/\" \/>\n<meta property=\"og:locale\" content=\"fr_FR\" \/>\n<meta property=\"og:type\" content=\"article\" \/>\n<meta property=\"og:title\" content=\"Communication &amp; Web Strat\u00e9gies - Agence de Communication et web 360 en Savoie\" \/>\n<meta property=\"og:description\" content=\"Previous Next Webmarketing &amp; Strat\u00e9gies : Du conseil \u00e0 l&rsquo;analyse,\u00a0la strat\u00e9gie appliqu\u00e9e \u00e0 internet\u00a0rev\u00eat aujourd&rsquo;hui une importance primordiale. Au-del\u00e0 d&rsquo;un outil de promotion \u00e0 travers la mise en place de votre site, il s&rsquo;agit de suivre et de comprendre les \u00e9volutions de ces outils dans\u00a0leur contexte d&rsquo;exploitation :\u00a0qui visite le site ? Pourquoi ? Quels [&hellip;]\" \/>\n<meta property=\"og:url\" content=\"https:\/\/agence-creation-site-internet-e-commerce-web-savoie.com\/index.php\/communication-web-strategies\/\" \/>\n<meta property=\"og:site_name\" content=\"Agence de Communication et web 360 en Savoie\" \/>\n<meta property=\"article:publisher\" content=\"https:\/\/www.facebook.com\/Airmescom\" \/>\n<meta property=\"article:modified_time\" content=\"2021-07-01T10:38:46+00:00\" \/>\n<meta name=\"twitter:card\" content=\"summary_large_image\" \/>\n<meta name=\"twitter:site\" content=\"@airmescom\" \/>\n<meta name=\"twitter:label1\" content=\"Dur\u00e9e de lecture estim\u00e9e\" \/>\n\t<meta name=\"twitter:data1\" content=\"1 minute\" \/>\n<script type=\"application\/ld+json\" class=\"yoast-schema-graph\">{\"@context\":\"https:\/\/schema.org\",\"@graph\":[{\"@type\":\"WebPage\",\"@id\":\"https:\/\/agence-creation-site-internet-e-commerce-web-savoie.com\/index.php\/communication-web-strategies\/\",\"url\":\"https:\/\/agence-creation-site-internet-e-commerce-web-savoie.com\/index.php\/communication-web-strategies\/\",\"name\":\"Communication & Web Strat\u00e9gies - Agence de Communication et web 360 en Savoie\",\"isPartOf\":{\"@id\":\"https:\/\/agence-creation-site-internet-e-commerce-web-savoie.com\/#website\"},\"datePublished\":\"2020-10-27T14:38:28+00:00\",\"dateModified\":\"2021-07-01T10:38:46+00:00\",\"breadcrumb\":{\"@id\":\"https:\/\/agence-creation-site-internet-e-commerce-web-savoie.com\/index.php\/communication-web-strategies\/#breadcrumb\"},\"inLanguage\":\"fr-FR\",\"potentialAction\":[{\"@type\":\"ReadAction\",\"target\":[\"https:\/\/agence-creation-site-internet-e-commerce-web-savoie.com\/index.php\/communication-web-strategies\/\"]}]},{\"@type\":\"BreadcrumbList\",\"@id\":\"https:\/\/agence-creation-site-internet-e-commerce-web-savoie.com\/index.php\/communication-web-strategies\/#breadcrumb\",\"itemListElement\":[{\"@type\":\"ListItem\",\"position\":1,\"name\":\"Accueil\",\"item\":\"https:\/\/agence-creation-site-internet-e-commerce-web-savoie.com\/\"},{\"@type\":\"ListItem\",\"position\":2,\"name\":\"Communication &#038; Web Strat\u00e9gies\"}]},{\"@type\":\"WebSite\",\"@id\":\"https:\/\/agence-creation-site-internet-e-commerce-web-savoie.com\/#website\",\"url\":\"https:\/\/agence-creation-site-internet-e-commerce-web-savoie.com\/\",\"name\":\"Agence de Communication et web 360 en Savoie\",\"description\":\"Airm\u00e8s est une agence de communication 360 en strat\u00e9gies web, r\u00e9f\u00e9rencements et print pour tous vos projets publicitaires ou de communication.\",\"publisher\":{\"@id\":\"https:\/\/agence-creation-site-internet-e-commerce-web-savoie.com\/#organization\"},\"potentialAction\":[{\"@type\":\"SearchAction\",\"target\":{\"@type\":\"EntryPoint\",\"urlTemplate\":\"https:\/\/agence-creation-site-internet-e-commerce-web-savoie.com\/?s={search_term_string}\"},\"query-input\":{\"@type\":\"PropertyValueSpecification\",\"valueRequired\":true,\"valueName\":\"search_term_string\"}}],\"inLanguage\":\"fr-FR\"},{\"@type\":\"Organization\",\"@id\":\"https:\/\/agence-creation-site-internet-e-commerce-web-savoie.com\/#organization\",\"name\":\"Airm\u00e8s Communication conseils & Webstrat\u00e9gies\",\"url\":\"https:\/\/agence-creation-site-internet-e-commerce-web-savoie.com\/\",\"logo\":{\"@type\":\"ImageObject\",\"inLanguage\":\"fr-FR\",\"@id\":\"https:\/\/agence-creation-site-internet-e-commerce-web-savoie.com\/#\/schema\/logo\/image\/\",\"url\":\"http:\/\/agence-creation-site-internet-e-commerce-web-savoie.com\/wp-content\/uploads\/2022\/12\/LOGO-ENTETE-AIRMES-2021-avec-slogan-V2.jpg\",\"contentUrl\":\"http:\/\/agence-creation-site-internet-e-commerce-web-savoie.com\/wp-content\/uploads\/2022\/12\/LOGO-ENTETE-AIRMES-2021-avec-slogan-V2.jpg\",\"width\":2127,\"height\":2151,\"caption\":\"Airm\u00e8s Communication conseils & Webstrat\u00e9gies\"},\"image\":{\"@id\":\"https:\/\/agence-creation-site-internet-e-commerce-web-savoie.com\/#\/schema\/logo\/image\/\"},\"sameAs\":[\"https:\/\/www.facebook.com\/Airmescom\",\"https:\/\/x.com\/airmescom\"]}]}<\/script>\n<!-- \/ Yoast SEO plugin. -->","yoast_head_json":{"title":"Communication & Web Strat\u00e9gies - Agence de Communication et web 360 en Savoie","robots":{"index":"index","follow":"follow","max-snippet":"max-snippet:-1","max-image-preview":"max-image-preview:large","max-video-preview":"max-video-preview:-1"},"canonical":"https:\/\/agence-creation-site-internet-e-commerce-web-savoie.com\/index.php\/communication-web-strategies\/","og_locale":"fr_FR","og_type":"article","og_title":"Communication & Web Strat\u00e9gies - Agence de Communication et web 360 en Savoie","og_description":"Previous Next Webmarketing &amp; Strat\u00e9gies : Du conseil \u00e0 l&rsquo;analyse,\u00a0la strat\u00e9gie appliqu\u00e9e \u00e0 internet\u00a0rev\u00eat aujourd&rsquo;hui une importance primordiale. Au-del\u00e0 d&rsquo;un outil de promotion \u00e0 travers la mise en place de votre site, il s&rsquo;agit de suivre et de comprendre les \u00e9volutions de ces outils dans\u00a0leur contexte d&rsquo;exploitation :\u00a0qui visite le site ? Pourquoi ? Quels [&hellip;]","og_url":"https:\/\/agence-creation-site-internet-e-commerce-web-savoie.com\/index.php\/communication-web-strategies\/","og_site_name":"Agence de Communication et web 360 en Savoie","article_publisher":"https:\/\/www.facebook.com\/Airmescom","article_modified_time":"2021-07-01T10:38:46+00:00","twitter_card":"summary_large_image","twitter_site":"@airmescom","twitter_misc":{"Dur\u00e9e de lecture estim\u00e9e":"1 minute"},"schema":{"@context":"https:\/\/schema.org","@graph":[{"@type":"WebPage","@id":"https:\/\/agence-creation-site-internet-e-commerce-web-savoie.com\/index.php\/communication-web-strategies\/","url":"https:\/\/agence-creation-site-internet-e-commerce-web-savoie.com\/index.php\/communication-web-strategies\/","name":"Communication & Web Strat\u00e9gies - Agence de Communication et web 360 en Savoie","isPartOf":{"@id":"https:\/\/agence-creation-site-internet-e-commerce-web-savoie.com\/#website"},"datePublished":"2020-10-27T14:38:28+00:00","dateModified":"2021-07-01T10:38:46+00:00","breadcrumb":{"@id":"https:\/\/agence-creation-site-internet-e-commerce-web-savoie.com\/index.php\/communication-web-strategies\/#breadcrumb"},"inLanguage":"fr-FR","potentialAction":[{"@type":"ReadAction","target":["https:\/\/agence-creation-site-internet-e-commerce-web-savoie.com\/index.php\/communication-web-strategies\/"]}]},{"@type":"BreadcrumbList","@id":"https:\/\/agence-creation-site-internet-e-commerce-web-savoie.com\/index.php\/communication-web-strategies\/#breadcrumb","itemListElement":[{"@type":"ListItem","position":1,"name":"Accueil","item":"https:\/\/agence-creation-site-internet-e-commerce-web-savoie.com\/"},{"@type":"ListItem","position":2,"name":"Communication &#038; Web Strat\u00e9gies"}]},{"@type":"WebSite","@id":"https:\/\/agence-creation-site-internet-e-commerce-web-savoie.com\/#website","url":"https:\/\/agence-creation-site-internet-e-commerce-web-savoie.com\/","name":"Agence de Communication et web 360 en Savoie","description":"Airm\u00e8s est une agence de communication 360 en strat\u00e9gies web, r\u00e9f\u00e9rencements et print pour tous vos projets publicitaires ou de communication.","publisher":{"@id":"https:\/\/agence-creation-site-internet-e-commerce-web-savoie.com\/#organization"},"potentialAction":[{"@type":"SearchAction","target":{"@type":"EntryPoint","urlTemplate":"https:\/\/agence-creation-site-internet-e-commerce-web-savoie.com\/?s={search_term_string}"},"query-input":{"@type":"PropertyValueSpecification","valueRequired":true,"valueName":"search_term_string"}}],"inLanguage":"fr-FR"},{"@type":"Organization","@id":"https:\/\/agence-creation-site-internet-e-commerce-web-savoie.com\/#organization","name":"Airm\u00e8s Communication conseils & Webstrat\u00e9gies","url":"https:\/\/agence-creation-site-internet-e-commerce-web-savoie.com\/","logo":{"@type":"ImageObject","inLanguage":"fr-FR","@id":"https:\/\/agence-creation-site-internet-e-commerce-web-savoie.com\/#\/schema\/logo\/image\/","url":"http:\/\/agence-creation-site-internet-e-commerce-web-savoie.com\/wp-content\/uploads\/2022\/12\/LOGO-ENTETE-AIRMES-2021-avec-slogan-V2.jpg","contentUrl":"http:\/\/agence-creation-site-internet-e-commerce-web-savoie.com\/wp-content\/uploads\/2022\/12\/LOGO-ENTETE-AIRMES-2021-avec-slogan-V2.jpg","width":2127,"height":2151,"caption":"Airm\u00e8s Communication conseils & Webstrat\u00e9gies"},"image":{"@id":"https:\/\/agence-creation-site-internet-e-commerce-web-savoie.com\/#\/schema\/logo\/image\/"},"sameAs":["https:\/\/www.facebook.com\/Airmescom","https:\/\/x.com\/airmescom"]}]}},"_links":{"self":[{"href":"https:\/\/agence-creation-site-internet-e-commerce-web-savoie.com\/index.php\/wp-json\/wp\/v2\/pages\/29","targetHints":{"allow":["GET"]}}],"collection":[{"href":"https:\/\/agence-creation-site-internet-e-commerce-web-savoie.com\/index.php\/wp-json\/wp\/v2\/pages"}],"about":[{"href":"https:\/\/agence-creation-site-internet-e-commerce-web-savoie.com\/index.php\/wp-json\/wp\/v2\/types\/page"}],"author":[{"embeddable":true,"href":"https:\/\/agence-creation-site-internet-e-commerce-web-savoie.com\/index.php\/wp-json\/wp\/v2\/users\/1"}],"replies":[{"embeddable":true,"href":"https:\/\/agence-creation-site-internet-e-commerce-web-savoie.com\/index.php\/wp-json\/wp\/v2\/comments?post=29"}],"version-history":[{"count":13,"href":"https:\/\/agence-creation-site-internet-e-commerce-web-savoie.com\/index.php\/wp-json\/wp\/v2\/pages\/29\/revisions"}],"predecessor-version":[{"id":356,"href":"https:\/\/agence-creation-site-internet-e-commerce-web-savoie.com\/index.php\/wp-json\/wp\/v2\/pages\/29\/revisions\/356"}],"wp:attachment":[{"href":"https:\/\/agence-creation-site-internet-e-commerce-web-savoie.com\/index.php\/wp-json\/wp\/v2\/media?parent=29"}],"curies":[{"name":"wp","href":"https:\/\/api.w.org\/{rel}","templated":true}]}}