{"id":243,"date":"2021-04-15T08:46:35","date_gmt":"2021-04-15T06:46:35","guid":{"rendered":"http:\/\/agence-creation-site-internet-e-commerce-web-savoie.com\/index.php\/home\/"},"modified":"2025-04-23T07:01:55","modified_gmt":"2025-04-23T05:01:55","slug":"agence-communication-publicite-savoie-conseils-creation-internet-strategies-web-savoie-alpes","status":"publish","type":"page","link":"https:\/\/agence-creation-site-internet-e-commerce-web-savoie.com\/","title":{"rendered":"Airm\u00e8s communication, agence de publicit\u00e9 360 au coeur des Alpes"},"content":{"rendered":"\t\t<div data-elementor-type=\"wp-page\" data-elementor-id=\"243\" class=\"elementor elementor-243\" data-elementor-post-type=\"page\">\n\t\t\t\t\t\t<section class=\"elementor-section elementor-top-section elementor-element elementor-element-e23e80f elementor-section-boxed elementor-section-height-default elementor-section-height-default\" data-id=\"e23e80f\" data-element_type=\"section\">\n\t\t\t\t\t\t<div class=\"elementor-container elementor-column-gap-default\">\n\t\t\t\t\t<div class=\"elementor-column elementor-col-100 elementor-top-column elementor-element elementor-element-87099ae\" data-id=\"87099ae\" data-element_type=\"column\">\n\t\t\t<div class=\"elementor-widget-wrap elementor-element-populated\">\n\t\t\t\t\t\t<div class=\"elementor-element elementor-element-be23a7c elementor-widget elementor-widget-heading\" data-id=\"be23a7c\" data-element_type=\"widget\" data-widget_type=\"heading.default\">\n\t\t\t\t\t<h1 class=\"elementor-heading-title elementor-size-default\">La communication 360 install\u00e9e depuis 19 ans au coeur des Alpes...<\/h1>\t\t\t\t<\/div>\n\t\t\t\t\t<\/div>\n\t\t<\/div>\n\t\t\t\t\t<\/div>\n\t\t<\/section>\n\t\t\t\t<section class=\"elementor-section elementor-top-section elementor-element elementor-element-0a7d4f1 elementor-section-boxed elementor-section-height-default elementor-section-height-default\" data-id=\"0a7d4f1\" data-element_type=\"section\">\n\t\t\t\t\t\t<div class=\"elementor-container elementor-column-gap-default\">\n\t\t\t\t\t<div class=\"elementor-column elementor-col-66 elementor-top-column elementor-element elementor-element-86a65e3\" data-id=\"86a65e3\" data-element_type=\"column\">\n\t\t\t<div class=\"elementor-widget-wrap elementor-element-populated\">\n\t\t\t\t\t\t<div class=\"elementor-element elementor-element-9b5bc83 elementor-widget elementor-widget-text-editor\" data-id=\"9b5bc83\" data-element_type=\"widget\" data-widget_type=\"text-editor.default\">\n\t\t\t\t\t\t\t\t\t<p>Airm\u00e8s communication est une agence de publicit\u00e9 360\u00b0 en Savoie, particuli\u00e8rement sp\u00e9cialis\u00e9e en conseils en strat\u00e9gie digitale et r\u00e9alisation print.<\/p><p>Orient\u00e9e vers le conseil en promotion de votre image, par les outils et m\u00e9dia web, tels que la conception de sites internet ainsi que dans la cr\u00e9ation graphique et multim\u00e9dia, nous mettons tout en \u0153uvre pour \u00e9coute, analyser et comprendre vos probl\u00e9matiques dans les meilleures conditions et vous r\u00e9pondre par des solutions de bon sens adapt\u00e9es et, en ad\u00e9quation avec vos imp\u00e9ratifs.<\/p><p>\u00a0 La bonne connaissance des clients est un point majeur indispensable \u00e0 une d\u00e9marche r\u00e9fl\u00e9chie et saine pour r\u00e9pondre efficacement \u00e0 vos requ\u00eates et r\u00e9aliser vos projets en coh\u00e9rence avec vos objectifs.<\/p><p>De la simple carte de visite ou flyers, \u00e0 la conception et gestion de votre newsletter, en passant par la cr\u00e9ation et le r\u00e9f\u00e9rencement de vos supports digitaux (FB, site internet, portail, commerce en ligne, etc&#8230;), chaque approche pour vos projets est importante et la bonne communication commence au premier rendez-vous&#8230;<br \/><br \/>Nous proposons \u00e9galement dans un cadre sp\u00e9cifique de d\u00e9veloppement plus personnel et professionnel, des conseils en gestion d&rsquo;image et du coaching \u00e0 destination de personnalit\u00e9s publique (politiques, cadres et manager d&rsquo;entreprises, responsables institutionnels, etc&#8230;) ou pour une client\u00e8le de particuliers ayant besoin d&rsquo;assistance dans le cadre d&rsquo;un projet (prise de parole en public, bien vendre son projet, etc&#8230; )<\/p><p><em>PENSONS VOS IDEES ENSEMBLE&#8230;<\/em><\/p><p><strong>Retrouvez-nous sur facebook :<\/strong><\/p><p><a href=\"https:\/\/www.facebook.com\/Airmescommunication\" target=\"_blank\" rel=\"noopener\">https:\/\/www.facebook.com\/Airmescommunication<\/a><\/p>\t\t\t\t\t\t\t\t<\/div>\n\t\t\t\t<div class=\"elementor-element elementor-element-40fd474 elementor-widget elementor-widget-image\" data-id=\"40fd474\" data-element_type=\"widget\" data-settings=\"{&quot;motion_fx_motion_fx_scrolling&quot;:&quot;yes&quot;,&quot;motion_fx_translateX_effect&quot;:&quot;yes&quot;,&quot;motion_fx_translateX_speed&quot;:{&quot;unit&quot;:&quot;px&quot;,&quot;size&quot;:4,&quot;sizes&quot;:[]},&quot;motion_fx_translateX_affectedRange&quot;:{&quot;unit&quot;:&quot;%&quot;,&quot;size&quot;:&quot;&quot;,&quot;sizes&quot;:{&quot;start&quot;:0,&quot;end&quot;:100}},&quot;motion_fx_devices&quot;:[&quot;desktop&quot;,&quot;tablet&quot;,&quot;mobile&quot;]}\" data-widget_type=\"image.default\">\n\t\t\t\t\t\t\t\t\t\t\t\t<figure class=\"wp-caption\">\n\t\t\t\t\t\t\t\t\t\t<img  title=\"\" fetchpriority=\"high\" decoding=\"async\" width=\"297\" height=\"300\" src=\"https:\/\/agence-creation-site-internet-e-commerce-web-savoie.com\/wp-content\/uploads\/2022\/12\/LOGO-ENTETE-AIRMES-2021-avec-slogan-V2-297x300.jpg\" class=\"attachment-medium size-medium wp-image-404\"  alt=\"LOGO-ENTETE-AIRMES-2021-avec-slogan-V2-297x300 Airm\u00e8s communication, agence de publicit\u00e9 360 au coeur des Alpes\"  srcset=\"https:\/\/agence-creation-site-internet-e-commerce-web-savoie.com\/wp-content\/uploads\/2022\/12\/LOGO-ENTETE-AIRMES-2021-avec-slogan-V2-297x300.jpg 297w, https:\/\/agence-creation-site-internet-e-commerce-web-savoie.com\/wp-content\/uploads\/2022\/12\/LOGO-ENTETE-AIRMES-2021-avec-slogan-V2-100x100.jpg 100w, https:\/\/agence-creation-site-internet-e-commerce-web-savoie.com\/wp-content\/uploads\/2022\/12\/LOGO-ENTETE-AIRMES-2021-avec-slogan-V2-600x607.jpg 600w, https:\/\/agence-creation-site-internet-e-commerce-web-savoie.com\/wp-content\/uploads\/2022\/12\/LOGO-ENTETE-AIRMES-2021-avec-slogan-V2-1013x1024.jpg 1013w, https:\/\/agence-creation-site-internet-e-commerce-web-savoie.com\/wp-content\/uploads\/2022\/12\/LOGO-ENTETE-AIRMES-2021-avec-slogan-V2-768x777.jpg 768w, https:\/\/agence-creation-site-internet-e-commerce-web-savoie.com\/wp-content\/uploads\/2022\/12\/LOGO-ENTETE-AIRMES-2021-avec-slogan-V2-1519x1536.jpg 1519w, https:\/\/agence-creation-site-internet-e-commerce-web-savoie.com\/wp-content\/uploads\/2022\/12\/LOGO-ENTETE-AIRMES-2021-avec-slogan-V2-2025x2048.jpg 2025w\" sizes=\"(max-width: 297px) 100vw, 297px\" \/>\t\t\t\t\t\t\t\t\t\t\t<figcaption class=\"widget-image-caption wp-caption-text\"><\/figcaption>\n\t\t\t\t\t\t\t\t\t\t<\/figure>\n\t\t\t\t\t\t\t\t\t<\/div>\n\t\t\t\t\t<\/div>\n\t\t<\/div>\n\t\t\t\t<div class=\"elementor-column elementor-col-33 elementor-top-column elementor-element elementor-element-0a8a546\" data-id=\"0a8a546\" data-element_type=\"column\">\n\t\t\t<div class=\"elementor-widget-wrap elementor-element-populated\">\n\t\t\t\t\t\t<div class=\"elementor-element elementor-element-193e745 elementor-widget__width-initial elementor-widget elementor-widget-text-editor\" data-id=\"193e745\" data-element_type=\"widget\" data-widget_type=\"text-editor.default\">\n\t\t\t\t\t\t\t\t\t<ul><li>Cr\u00e9ation de logo, nom de marque, Identit\u00e9 visuelle<\/li><li>Communication publicitaire, d\u00e9pliants, plaquettes, etc&#8230;<\/li><li>Graphisme<\/li><li>Publicit\u00e9 d&rsquo;entreprise<\/li><li>Publicit\u00e9 sur internet<\/li><li>Design visuel<\/li><li>Webmarketing<\/li><li>Promotion des ventes<\/li><li>Film publicitaire<\/li><li>Cr\u00e9ation de solutions internet pro<\/li><li>Boutiques et solutions web ventes en ligne<\/li><li>Webmarketing et strat\u00e9gies Digital<\/li><li>Social Media<\/li><li>Campagnes de R\u00e9f\u00e9rencement<\/li><li>H\u00e9bergement<\/li><\/ul>\t\t\t\t\t\t\t\t<\/div>\n\t\t\t\t\t<\/div>\n\t\t<\/div>\n\t\t\t\t\t<\/div>\n\t\t<\/section>\n\t\t\t\t<section class=\"elementor-section elementor-top-section elementor-element elementor-element-ecd7f4f elementor-section-boxed elementor-section-height-default elementor-section-height-default\" data-id=\"ecd7f4f\" data-element_type=\"section\">\n\t\t\t\t\t\t<div class=\"elementor-container elementor-column-gap-default\">\n\t\t\t\t\t<div class=\"elementor-column elementor-col-100 elementor-top-column elementor-element elementor-element-4b283c6\" data-id=\"4b283c6\" data-element_type=\"column\">\n\t\t\t<div class=\"elementor-widget-wrap\">\n\t\t\t\t\t\t\t<\/div>\n\t\t<\/div>\n\t\t\t\t\t<\/div>\n\t\t<\/section>\n\t\t\t\t<\/div>\n\t\t","protected":false},"excerpt":{"rendered":"<p>La communication 360 install\u00e9e depuis 19 ans au coeur des Alpes&#8230; Airm\u00e8s communication est une agence de publicit\u00e9 360\u00b0 en Savoie, particuli\u00e8rement sp\u00e9cialis\u00e9e en conseils en strat\u00e9gie digitale et r\u00e9alisation print. Orient\u00e9e vers le conseil en promotion de votre image, par les outils et m\u00e9dia web, tels que la conception de sites internet ainsi que [&hellip;]<\/p>\n","protected":false},"author":1,"featured_media":0,"parent":0,"menu_order":0,"comment_status":"closed","ping_status":"closed","template":"","meta":{"footnotes":""},"class_list":["post-243","page","type-page","status-publish","hentry"],"yoast_head":"<!-- This site is optimized with the Yoast SEO plugin v26.6 - https:\/\/yoast.com\/wordpress\/plugins\/seo\/ -->\n<title>agence communication Savoie cr\u00e9ation sites internet webmarketing<\/title>\n<meta name=\"description\" content=\"Agence communication publicit\u00e9 Savoie, vos besoins en cr\u00e9ation de site internet et conseils strat\u00e9gies digitales webmarketing, r\u00e9f\u00e9rencement.\" \/>\n<meta name=\"robots\" content=\"index, follow, max-snippet:-1, max-image-preview:large, max-video-preview:-1\" \/>\n<link rel=\"canonical\" href=\"https:\/\/agence-creation-site-internet-e-commerce-web-savoie.com\/\" \/>\n<meta property=\"og:locale\" content=\"fr_FR\" \/>\n<meta property=\"og:type\" content=\"article\" \/>\n<meta property=\"og:title\" content=\"Agence de Communication et web 360 en Savoie - Airm\u00e8s est une agence de communication 360 en strat\u00e9gies web, r\u00e9f\u00e9rencements et print pour tous vos projets publicitaires ou de communication.\" \/>\n<meta property=\"og:description\" content=\"Page Facebook Airm\u00e8s Communication Airm\u00e8s est une agence de communication 360 en strat\u00e9gies web, r\u00e9f\u00e9rencements et print pour tous vos projets publicitaires ou de communication. Agence de Communication et web 360 en Savoie\" \/>\n<meta property=\"og:url\" content=\"https:\/\/agence-creation-site-internet-e-commerce-web-savoie.com\/\" \/>\n<meta property=\"og:site_name\" content=\"Agence de Communication et web 360 en Savoie\" \/>\n<meta property=\"article:publisher\" content=\"https:\/\/www.facebook.com\/Airmescom\" \/>\n<meta property=\"article:modified_time\" content=\"2025-04-23T05:01:55+00:00\" \/>\n<meta name=\"twitter:card\" content=\"summary_large_image\" \/>\n<meta name=\"twitter:title\" content=\"Airm\u00e8s Communication Tweet\" \/>\n<meta name=\"twitter:description\" content=\"Echangez avec votre agence par tweeter\" \/>\n<meta name=\"twitter:site\" content=\"@airmescom\" \/>\n<meta name=\"twitter:label1\" content=\"Dur\u00e9e de lecture estim\u00e9e\" \/>\n\t<meta name=\"twitter:data1\" content=\"2 minutes\" \/>\n<script type=\"application\/ld+json\" class=\"yoast-schema-graph\">{\"@context\":\"https:\/\/schema.org\",\"@graph\":[{\"@type\":\"Article\",\"@id\":\"https:\/\/agence-creation-site-internet-e-commerce-web-savoie.com\/#article\",\"isPartOf\":{\"@id\":\"https:\/\/agence-creation-site-internet-e-commerce-web-savoie.com\/\"},\"author\":{\"name\":\"admin5817\",\"@id\":\"https:\/\/agence-creation-site-internet-e-commerce-web-savoie.com\/#\/schema\/person\/38a61e5813d0e52e83410c0cc60f3d80\"},\"headline\":\"Airm\u00e8s communication, agence de publicit\u00e9 360 au coeur des Alpes\",\"datePublished\":\"2021-04-15T06:46:35+00:00\",\"dateModified\":\"2025-04-23T05:01:55+00:00\",\"mainEntityOfPage\":{\"@id\":\"https:\/\/agence-creation-site-internet-e-commerce-web-savoie.com\/\"},\"wordCount\":334,\"publisher\":{\"@id\":\"https:\/\/agence-creation-site-internet-e-commerce-web-savoie.com\/#organization\"},\"image\":{\"@id\":\"https:\/\/agence-creation-site-internet-e-commerce-web-savoie.com\/#primaryimage\"},\"thumbnailUrl\":\"https:\/\/agence-creation-site-internet-e-commerce-web-savoie.com\/wp-content\/uploads\/2022\/12\/LOGO-ENTETE-AIRMES-2021-avec-slogan-V2-297x300.jpg\",\"inLanguage\":\"fr-FR\"},{\"@type\":[\"WebPage\",\"SearchResultsPage\"],\"@id\":\"https:\/\/agence-creation-site-internet-e-commerce-web-savoie.com\/\",\"url\":\"https:\/\/agence-creation-site-internet-e-commerce-web-savoie.com\/\",\"name\":\"agence communication Savoie cr\u00e9ation sites internet webmarketing\",\"isPartOf\":{\"@id\":\"https:\/\/agence-creation-site-internet-e-commerce-web-savoie.com\/#website\"},\"primaryImageOfPage\":{\"@id\":\"https:\/\/agence-creation-site-internet-e-commerce-web-savoie.com\/#primaryimage\"},\"image\":{\"@id\":\"https:\/\/agence-creation-site-internet-e-commerce-web-savoie.com\/#primaryimage\"},\"thumbnailUrl\":\"https:\/\/agence-creation-site-internet-e-commerce-web-savoie.com\/wp-content\/uploads\/2022\/12\/LOGO-ENTETE-AIRMES-2021-avec-slogan-V2-297x300.jpg\",\"datePublished\":\"2021-04-15T06:46:35+00:00\",\"dateModified\":\"2025-04-23T05:01:55+00:00\",\"description\":\"Agence communication publicit\u00e9 Savoie, vos besoins en cr\u00e9ation de site internet et conseils strat\u00e9gies digitales webmarketing, r\u00e9f\u00e9rencement.\",\"breadcrumb\":{\"@id\":\"https:\/\/agence-creation-site-internet-e-commerce-web-savoie.com\/#breadcrumb\"},\"inLanguage\":\"fr-FR\",\"potentialAction\":[{\"@type\":\"ReadAction\",\"target\":[\"https:\/\/agence-creation-site-internet-e-commerce-web-savoie.com\/\"]}]},{\"@type\":\"ImageObject\",\"inLanguage\":\"fr-FR\",\"@id\":\"https:\/\/agence-creation-site-internet-e-commerce-web-savoie.com\/#primaryimage\",\"url\":\"https:\/\/agence-creation-site-internet-e-commerce-web-savoie.com\/wp-content\/uploads\/2022\/12\/LOGO-ENTETE-AIRMES-2021-avec-slogan-V2.jpg\",\"contentUrl\":\"https:\/\/agence-creation-site-internet-e-commerce-web-savoie.com\/wp-content\/uploads\/2022\/12\/LOGO-ENTETE-AIRMES-2021-avec-slogan-V2.jpg\",\"width\":2127,\"height\":2151,\"caption\":\"Logo Airm\u00e8s Communication Conseils & Web strat\u00e9gies\"},{\"@type\":\"BreadcrumbList\",\"@id\":\"https:\/\/agence-creation-site-internet-e-commerce-web-savoie.com\/#breadcrumb\",\"itemListElement\":[{\"@type\":\"ListItem\",\"position\":1,\"name\":\"Accueil\",\"item\":\"https:\/\/agence-creation-site-internet-e-commerce-web-savoie.com\/\"},{\"@type\":\"ListItem\",\"position\":2,\"name\":\"agence Airm\u00e8s communication publicit\u00e9 Savoie\"}]},{\"@type\":\"WebSite\",\"@id\":\"https:\/\/agence-creation-site-internet-e-commerce-web-savoie.com\/#website\",\"url\":\"https:\/\/agence-creation-site-internet-e-commerce-web-savoie.com\/\",\"name\":\"Agence de Communication et web 360 en Savoie\",\"description\":\"Airm\u00e8s est une agence de communication 360 en strat\u00e9gies web, r\u00e9f\u00e9rencements et print pour tous vos projets publicitaires ou de communication.\",\"publisher\":{\"@id\":\"https:\/\/agence-creation-site-internet-e-commerce-web-savoie.com\/#organization\"},\"potentialAction\":[{\"@type\":\"SearchAction\",\"target\":{\"@type\":\"EntryPoint\",\"urlTemplate\":\"https:\/\/agence-creation-site-internet-e-commerce-web-savoie.com\/?s={search_term_string}\"},\"query-input\":{\"@type\":\"PropertyValueSpecification\",\"valueRequired\":true,\"valueName\":\"search_term_string\"}}],\"inLanguage\":\"fr-FR\"},{\"@type\":\"Organization\",\"@id\":\"https:\/\/agence-creation-site-internet-e-commerce-web-savoie.com\/#organization\",\"name\":\"Airm\u00e8s Communication conseils & Webstrat\u00e9gies\",\"url\":\"https:\/\/agence-creation-site-internet-e-commerce-web-savoie.com\/\",\"logo\":{\"@type\":\"ImageObject\",\"inLanguage\":\"fr-FR\",\"@id\":\"https:\/\/agence-creation-site-internet-e-commerce-web-savoie.com\/#\/schema\/logo\/image\/\",\"url\":\"http:\/\/agence-creation-site-internet-e-commerce-web-savoie.com\/wp-content\/uploads\/2022\/12\/LOGO-ENTETE-AIRMES-2021-avec-slogan-V2.jpg\",\"contentUrl\":\"http:\/\/agence-creation-site-internet-e-commerce-web-savoie.com\/wp-content\/uploads\/2022\/12\/LOGO-ENTETE-AIRMES-2021-avec-slogan-V2.jpg\",\"width\":2127,\"height\":2151,\"caption\":\"Airm\u00e8s Communication conseils & Webstrat\u00e9gies\"},\"image\":{\"@id\":\"https:\/\/agence-creation-site-internet-e-commerce-web-savoie.com\/#\/schema\/logo\/image\/\"},\"sameAs\":[\"https:\/\/www.facebook.com\/Airmescom\",\"https:\/\/x.com\/airmescom\"]},{\"@type\":\"Person\",\"@id\":\"https:\/\/agence-creation-site-internet-e-commerce-web-savoie.com\/#\/schema\/person\/38a61e5813d0e52e83410c0cc60f3d80\",\"name\":\"admin5817\",\"url\":\"https:\/\/agence-creation-site-internet-e-commerce-web-savoie.com\/index.php\/author\/admin5817\/\"}]}<\/script>\n<!-- \/ Yoast SEO plugin. -->","yoast_head_json":{"title":"agence communication Savoie cr\u00e9ation sites internet webmarketing","description":"Agence communication publicit\u00e9 Savoie, vos besoins en cr\u00e9ation de site internet et conseils strat\u00e9gies digitales webmarketing, r\u00e9f\u00e9rencement.","robots":{"index":"index","follow":"follow","max-snippet":"max-snippet:-1","max-image-preview":"max-image-preview:large","max-video-preview":"max-video-preview:-1"},"canonical":"https:\/\/agence-creation-site-internet-e-commerce-web-savoie.com\/","og_locale":"fr_FR","og_type":"article","og_title":"Agence de Communication et web 360 en Savoie - Airm\u00e8s est une agence de communication 360 en strat\u00e9gies web, r\u00e9f\u00e9rencements et print pour tous vos projets publicitaires ou de communication.","og_description":"Page Facebook Airm\u00e8s Communication Airm\u00e8s est une agence de communication 360 en strat\u00e9gies web, r\u00e9f\u00e9rencements et print pour tous vos projets publicitaires ou de communication. Agence de Communication et web 360 en Savoie","og_url":"https:\/\/agence-creation-site-internet-e-commerce-web-savoie.com\/","og_site_name":"Agence de Communication et web 360 en Savoie","article_publisher":"https:\/\/www.facebook.com\/Airmescom","article_modified_time":"2025-04-23T05:01:55+00:00","twitter_card":"summary_large_image","twitter_title":"Airm\u00e8s Communication Tweet","twitter_description":"Echangez avec votre agence par tweeter","twitter_site":"@airmescom","twitter_misc":{"Dur\u00e9e de lecture estim\u00e9e":"2 minutes"},"schema":{"@context":"https:\/\/schema.org","@graph":[{"@type":"Article","@id":"https:\/\/agence-creation-site-internet-e-commerce-web-savoie.com\/#article","isPartOf":{"@id":"https:\/\/agence-creation-site-internet-e-commerce-web-savoie.com\/"},"author":{"name":"admin5817","@id":"https:\/\/agence-creation-site-internet-e-commerce-web-savoie.com\/#\/schema\/person\/38a61e5813d0e52e83410c0cc60f3d80"},"headline":"Airm\u00e8s communication, agence de publicit\u00e9 360 au coeur des Alpes","datePublished":"2021-04-15T06:46:35+00:00","dateModified":"2025-04-23T05:01:55+00:00","mainEntityOfPage":{"@id":"https:\/\/agence-creation-site-internet-e-commerce-web-savoie.com\/"},"wordCount":334,"publisher":{"@id":"https:\/\/agence-creation-site-internet-e-commerce-web-savoie.com\/#organization"},"image":{"@id":"https:\/\/agence-creation-site-internet-e-commerce-web-savoie.com\/#primaryimage"},"thumbnailUrl":"https:\/\/agence-creation-site-internet-e-commerce-web-savoie.com\/wp-content\/uploads\/2022\/12\/LOGO-ENTETE-AIRMES-2021-avec-slogan-V2-297x300.jpg","inLanguage":"fr-FR"},{"@type":["WebPage","SearchResultsPage"],"@id":"https:\/\/agence-creation-site-internet-e-commerce-web-savoie.com\/","url":"https:\/\/agence-creation-site-internet-e-commerce-web-savoie.com\/","name":"agence communication Savoie cr\u00e9ation sites internet webmarketing","isPartOf":{"@id":"https:\/\/agence-creation-site-internet-e-commerce-web-savoie.com\/#website"},"primaryImageOfPage":{"@id":"https:\/\/agence-creation-site-internet-e-commerce-web-savoie.com\/#primaryimage"},"image":{"@id":"https:\/\/agence-creation-site-internet-e-commerce-web-savoie.com\/#primaryimage"},"thumbnailUrl":"https:\/\/agence-creation-site-internet-e-commerce-web-savoie.com\/wp-content\/uploads\/2022\/12\/LOGO-ENTETE-AIRMES-2021-avec-slogan-V2-297x300.jpg","datePublished":"2021-04-15T06:46:35+00:00","dateModified":"2025-04-23T05:01:55+00:00","description":"Agence communication publicit\u00e9 Savoie, vos besoins en cr\u00e9ation de site internet et conseils strat\u00e9gies digitales webmarketing, r\u00e9f\u00e9rencement.","breadcrumb":{"@id":"https:\/\/agence-creation-site-internet-e-commerce-web-savoie.com\/#breadcrumb"},"inLanguage":"fr-FR","potentialAction":[{"@type":"ReadAction","target":["https:\/\/agence-creation-site-internet-e-commerce-web-savoie.com\/"]}]},{"@type":"ImageObject","inLanguage":"fr-FR","@id":"https:\/\/agence-creation-site-internet-e-commerce-web-savoie.com\/#primaryimage","url":"https:\/\/agence-creation-site-internet-e-commerce-web-savoie.com\/wp-content\/uploads\/2022\/12\/LOGO-ENTETE-AIRMES-2021-avec-slogan-V2.jpg","contentUrl":"https:\/\/agence-creation-site-internet-e-commerce-web-savoie.com\/wp-content\/uploads\/2022\/12\/LOGO-ENTETE-AIRMES-2021-avec-slogan-V2.jpg","width":2127,"height":2151,"caption":"Logo Airm\u00e8s Communication Conseils & Web strat\u00e9gies"},{"@type":"BreadcrumbList","@id":"https:\/\/agence-creation-site-internet-e-commerce-web-savoie.com\/#breadcrumb","itemListElement":[{"@type":"ListItem","position":1,"name":"Accueil","item":"https:\/\/agence-creation-site-internet-e-commerce-web-savoie.com\/"},{"@type":"ListItem","position":2,"name":"agence Airm\u00e8s communication publicit\u00e9 Savoie"}]},{"@type":"WebSite","@id":"https:\/\/agence-creation-site-internet-e-commerce-web-savoie.com\/#website","url":"https:\/\/agence-creation-site-internet-e-commerce-web-savoie.com\/","name":"Agence de Communication et web 360 en Savoie","description":"Airm\u00e8s est une agence de communication 360 en strat\u00e9gies web, r\u00e9f\u00e9rencements et print pour tous vos projets publicitaires ou de communication.","publisher":{"@id":"https:\/\/agence-creation-site-internet-e-commerce-web-savoie.com\/#organization"},"potentialAction":[{"@type":"SearchAction","target":{"@type":"EntryPoint","urlTemplate":"https:\/\/agence-creation-site-internet-e-commerce-web-savoie.com\/?s={search_term_string}"},"query-input":{"@type":"PropertyValueSpecification","valueRequired":true,"valueName":"search_term_string"}}],"inLanguage":"fr-FR"},{"@type":"Organization","@id":"https:\/\/agence-creation-site-internet-e-commerce-web-savoie.com\/#organization","name":"Airm\u00e8s Communication conseils & Webstrat\u00e9gies","url":"https:\/\/agence-creation-site-internet-e-commerce-web-savoie.com\/","logo":{"@type":"ImageObject","inLanguage":"fr-FR","@id":"https:\/\/agence-creation-site-internet-e-commerce-web-savoie.com\/#\/schema\/logo\/image\/","url":"http:\/\/agence-creation-site-internet-e-commerce-web-savoie.com\/wp-content\/uploads\/2022\/12\/LOGO-ENTETE-AIRMES-2021-avec-slogan-V2.jpg","contentUrl":"http:\/\/agence-creation-site-internet-e-commerce-web-savoie.com\/wp-content\/uploads\/2022\/12\/LOGO-ENTETE-AIRMES-2021-avec-slogan-V2.jpg","width":2127,"height":2151,"caption":"Airm\u00e8s Communication conseils & Webstrat\u00e9gies"},"image":{"@id":"https:\/\/agence-creation-site-internet-e-commerce-web-savoie.com\/#\/schema\/logo\/image\/"},"sameAs":["https:\/\/www.facebook.com\/Airmescom","https:\/\/x.com\/airmescom"]},{"@type":"Person","@id":"https:\/\/agence-creation-site-internet-e-commerce-web-savoie.com\/#\/schema\/person\/38a61e5813d0e52e83410c0cc60f3d80","name":"admin5817","url":"https:\/\/agence-creation-site-internet-e-commerce-web-savoie.com\/index.php\/author\/admin5817\/"}]}},"_links":{"self":[{"href":"https:\/\/agence-creation-site-internet-e-commerce-web-savoie.com\/index.php\/wp-json\/wp\/v2\/pages\/243","targetHints":{"allow":["GET"]}}],"collection":[{"href":"https:\/\/agence-creation-site-internet-e-commerce-web-savoie.com\/index.php\/wp-json\/wp\/v2\/pages"}],"about":[{"href":"https:\/\/agence-creation-site-internet-e-commerce-web-savoie.com\/index.php\/wp-json\/wp\/v2\/types\/page"}],"author":[{"embeddable":true,"href":"https:\/\/agence-creation-site-internet-e-commerce-web-savoie.com\/index.php\/wp-json\/wp\/v2\/users\/1"}],"replies":[{"embeddable":true,"href":"https:\/\/agence-creation-site-internet-e-commerce-web-savoie.com\/index.php\/wp-json\/wp\/v2\/comments?post=243"}],"version-history":[{"count":51,"href":"https:\/\/agence-creation-site-internet-e-commerce-web-savoie.com\/index.php\/wp-json\/wp\/v2\/pages\/243\/revisions"}],"predecessor-version":[{"id":536,"href":"https:\/\/agence-creation-site-internet-e-commerce-web-savoie.com\/index.php\/wp-json\/wp\/v2\/pages\/243\/revisions\/536"}],"wp:attachment":[{"href":"https:\/\/agence-creation-site-internet-e-commerce-web-savoie.com\/index.php\/wp-json\/wp\/v2\/media?parent=243"}],"curies":[{"name":"wp","href":"https:\/\/api.w.org\/{rel}","templated":true}]}}